{"id":502,"date":"2019-05-22T19:14:46","date_gmt":"2019-05-22T19:14:46","guid":{"rendered":"http:\/\/www.mcdcmadison.org\/?page_id=502"},"modified":"2024-02-21T11:53:30","modified_gmt":"2024-02-21T17:53:30","slug":"co-op-ideas","status":"publish","type":"page","link":"https:\/\/www.mcdcmadison.org\/es\/co-op-ideas\/","title":{"rendered":"Ideas para las cooperativas"},"content":{"rendered":"<p>Una cooperativa nueva necesita dos cosas: una idea, y las personas que se comprometen con la idea. A veces, las personas ya se conocen, y inventan la idea juntas. Otras veces, las personas no se conocen, y inventan la idea de manera independiente.<\/p>\n\n\n\n<p>Esta p\u00e1gina es para la gente en el segundo grupo: gente con una idea que busca conectarse con otra gente que tiene ideas que son similares o compatibles. En algunos casos, estas ideas no tienen a nadie que les de seguimiento \u2014 todav\u00eda!<\/p>\n\n\n\n<p>Por favor revise esta lista para ver si una de ellas suena especialmente atractiva. Si es que s\u00ed, escriba a <a href=\"mailto:charity.schmidt@wisc.edu\">charity.schmidt@wisc.edu<\/a> para conectarse con otra gente que ya trabaja en ella (asumiendo que la hay \u2014 puede que usted sea el primero\/la primera!). Si es que no, escr\u00edbanos con su propia idea! La a\u00f1adiremos a esta p\u00e1gina.<\/p>\n\n\n\n<p><strong>Co-hops<\/strong><\/p>\n\n\n\n<p>Tener un bar fue entre las primeras entradas en esta p\u00e1gina, y es una de las ideas m\u00e1s viejas que tiene la comunidad de las cooperativas de trabajo. Sin embargo, no es la \u00fanica manera de entrar en la cadena de valores de la elaboraci\u00f3n de cerveza \u2014 tambi\u00e9n podemos empezar al otro extremo, cultivando l\u00fapulos. <\/p>\n\n\n\n<p><strong>Sustainable energy storage<\/strong><\/p>\n\n\n\n<p>Las fuentes de energ\u00eda renovable son cada vez m\u00e1s populares hoy en d\u00eda, porque la eficiencia est\u00e1 mejorando y los precios se caen. Sin embargo, hay un amplio margen para mejorar en la sostenabilidad general de estas formas de energ\u00eda. Un ejemplo obvio es las maneras problematicas en que materials tales como <a href=\"https:\/\/www.washingtonpost.com\/graphics\/business\/batteries\/congo-cobalt-mining-for-lithium-ion-battery\/\">el cobalto<\/a> y <a href=\"https:\/\/www.nature.com\/articles\/d41586-018-05233-7\">el litio<\/a> se extraen. Necesitamos hallar maneras de <a href=\"https:\/\/en.wikipedia.org\/wiki\/Energy_storage#Renewable_energy_storage\">almanecer la energ\u00eda de manera sostenible<\/a>, usando materiales que son menos ex\u00f3ticos y m\u00e1s locales \u2014 y donde hay una necesidad, hay una oportunidad.<\/p>\n\n\n\n<p><strong>Cooperativismo de Riesgo (software)<\/strong><\/p>\n\n\n\n<p>Hay un grupo peque\u00f1o que ya tiene rato de existir que quiere re-inventar la forma en que el software se programa y se financia. T\u00edpicamente, las nuevas compa\u00f1\u00edas de software ganan muy poco por un rato hasta que consigan el capital de riesgo, luego crecen r\u00e1pidamente y esperan ser comprados por un gigante del software. Muy pocos de ellos tienen esa suerte, y los dem\u00e1s disaparencen. Nuestro grupo quiere cambiar ese modelo. <\/p>\n\n\n\n<p><strong>Impresi\u00f3n 3D<\/strong><\/p>\n\n\n\n<p>La fabricaci\u00f3n aditiva, mejor conocida como impresi\u00f3n 3D, ha existido desde hace a\u00f1os, y los costos est\u00e1n cayendo mientras la calidad sube. Tal vez a\u00fan m\u00e1s convenciente es el hecho de que las materias primas pueden incluir un gran n\u00famero de cosas se acabar\u00edan en el basurero o recicladas \u2014 <a href=\"https:\/\/news.nationalgeographic.com\/2017\/07\/plastic-produced-recycling-waste-ocean-trash-debris-environment\/\">quiz\u00e1s<\/a> \u2014 tales como el pl\u00e1stico (ver Precious Plastic, m\u00e1s abajo), papel, arres\u00edn, vidrio, cenizas, metal chatarra, y llantas. Las imprentas 3D tambi\u00e9n pueden usar el ca\u00f1amo como materia prima. Una cooperativa podr\u00eda enfocarse en crear los filamentos, brindar impresi\u00f3n a pedido, o ambas cosas.<\/p>\n\n\n\n<p><strong>FairBnB<\/strong><\/p>\n\n\n\n<p><a href=\"https:\/\/fairbnb.coop\/\">Fairbnb<\/a> es una alternativa transparente, democr\u00e1tica, y cooperativa a Airbnb.<\/p>\n\n\n\n<p><strong>Cooperativa de Inmuebles Commericiales<\/strong><\/p>\n\n\n\n<p>Una cooperativa que trata de inmuebles comerciales suena como una idea ambiciosa \u2014 y de hecho lo es \u2014 pero hay multiples <a href=\"http:\/\/nycreic.com\/\">casos exitosos<\/a> de varias partes de <a href=\"http:\/\/www.neic.coop\/\">EEUU<\/a> y <a href=\"https:\/\/www.unionsd.coop\/\">Canad\u00e1<\/a>, as\u00ed que se puede hacer. <\/p>\n\n\n\n<p><strong>Precious Plastic<\/strong><\/p>\n\n\n\n<p>\u00c9sto es una empresa en una caja, <a href=\"https:\/\/preciousplastic.com\/\">literalmente<\/a>. Su prop\u00f3sito es desviar el pl\u00e1stico del flujo de desechos, molerlo, derretirlo, y convertirlo en algo \u00fatil. Qu\u00e9 ser\u00eda? Hay <a href=\"https:\/\/preciousplastic.com\/en\/creations.html\">un sinfin de posibilidades<\/a>. Qu\u00e9 tal <a href=\"https:\/\/www.youtube.com\/watch?v=nuDwKeh85lA\">materiales de construcci\u00f3n<\/a>? <a href=\"https:\/\/www.3dnatives.com\/en\/3d-printed-furniture-130220194\/\">Muebles<\/a>? <a href=\"https:\/\/www.thebalancesmb.com\/what-is-reusable-packaging-2878094\">Empaque reutilizable<\/a>? Filamentos de impresi\u00f3n 3D (ver arriba)?<\/p>\n\n\n\n<p><strong>Vidrio irrompible<\/strong><\/p>\n\n\n\n<p>B\u00e1sicamente, esto ser\u00eda una copia de <a href=\"http:\/\/www.envasescristalux.com.ar\/inicio\/\">la cooperativa Cristalux<\/a> en Buenos Aires. All\u00ed se hacen jarras, botellas y vasos que son altamente duraderos y todav\u00eda econ\u00f3micos. Reciclar el vidrio es rid\u00edculo en comparaci\u00f3n con reusarlo, as\u00ed que hagamos vidrio que insiste en ser reusado. El vidrio templado se puede formar con impresi\u00f3n 3D (ver arriba).<\/p>\n\n\n\n<p><strong>Mercadeo<\/strong><\/p>\n\n\n\n<p>Qui\u00e9n no necesita ayuda con su mercadeo? Si usted puede ofrecerla, hable con nosotros. Conocemos un grupo que se est\u00e1 organizando a nivel nacional, y usted podr\u00eda llegar a ser el primero miembro en Madison.<\/p>\n\n\n\n<p><strong>Aquacultura<\/strong><\/p>\n\n\n\n<p>Si no ha o\u00eddo hablar de esto, es un sistema impresionante que mezcla el cultivo de verduras bajo techo con la cr\u00eda de peces. Ya est\u00e1 operando en <a href=\"http:\/\/sweetwater-organic.com\/\">Milwaukee<\/a>, y podr\u00edamos tener una versi\u00f3n propia aqu\u00ed en Madison. <\/p>\n\n\n\n<p><strong>Bar\/restaurante<\/strong><\/p>\n\n\n\n<p>Hay varios restaurantes que pertenecen a, y son manejados por, los trabajadores en el pa\u00eds y en el mundo, y no existe ninguna raz\u00f3n para negarnos uno aqu\u00ed en Madison. O varios! Convertir una empresa existente ser\u00eda mucho m\u00e1s f\u00e1cil que montar una nueva. Si hay alg\u00fan due\u00f1o de restaurante o barra prepar\u00e1ndose para vender su negocio, queremos saberlo! <strong>Actualizaci\u00f3n<\/strong>: tenemos a una persona que est\u00e1 interesada en esto. Por favor escriba a <a href=\"mailto:charity.schmidt@wisc.edu\">charity.schmidt@wisc.edu<\/a> para conectarse.<\/p>\n\n\n\n<p><strong>Cuidado de ni\u00f1os<\/strong><\/p>\n\n\n\n<p>Childcare is a critical need, and worker-ownership provides a better work environment for workers and better care for children. Check out an article from <a href=\"https:\/\/nonprofitquarterly.org\/saving-childcare-the-essential-value-of-a-worker-owned-childcare-ecosystem\/\">Nonprofit Quarterly<\/a> about this need. <\/p>","protected":false},"excerpt":{"rendered":"<p>A start-up co-op needs two things: an idea, and people who are committed to the idea. Sometimes, the people already know each other, and they come up with the idea together. Other times, the people don\u2019t know each other, and come up with the idea independently. This page is for people in the second group:&hellip;&nbsp;<a href=\"https:\/\/www.mcdcmadison.org\/es\/co-op-ideas\/\" class=\"\" rel=\"bookmark\">Leer m\u00e1s &raquo;<span class=\"screen-reader-text\">Ideas para las cooperativas<\/span><\/a><\/p>","protected":false},"author":3,"featured_media":0,"parent":0,"menu_order":0,"comment_status":"closed","ping_status":"closed","template":"","meta":{"neve_meta_sidebar":"","neve_meta_container":"","neve_meta_enable_content_width":"off","neve_meta_content_width":0,"neve_meta_title_alignment":"","neve_meta_author_avatar":"","neve_post_elements_order":"","neve_meta_disable_header":"","neve_meta_disable_footer":"","neve_meta_disable_title":"","jetpack_post_was_ever_published":false,"footnotes":""},"class_list":["post-502","page","type-page","status-publish","hentry"],"jetpack_shortlink":"https:\/\/wp.me\/PaWzR5-86","jetpack_sharing_enabled":true,"_links":{"self":[{"href":"https:\/\/www.mcdcmadison.org\/es\/wp-json\/wp\/v2\/pages\/502","targetHints":{"allow":["GET"]}}],"collection":[{"href":"https:\/\/www.mcdcmadison.org\/es\/wp-json\/wp\/v2\/pages"}],"about":[{"href":"https:\/\/www.mcdcmadison.org\/es\/wp-json\/wp\/v2\/types\/page"}],"author":[{"embeddable":true,"href":"https:\/\/www.mcdcmadison.org\/es\/wp-json\/wp\/v2\/users\/3"}],"replies":[{"embeddable":true,"href":"https:\/\/www.mcdcmadison.org\/es\/wp-json\/wp\/v2\/comments?post=502"}],"version-history":[{"count":0,"href":"https:\/\/www.mcdcmadison.org\/es\/wp-json\/wp\/v2\/pages\/502\/revisions"}],"wp:attachment":[{"href":"https:\/\/www.mcdcmadison.org\/es\/wp-json\/wp\/v2\/media?parent=502"}],"curies":[{"name":"wp","href":"https:\/\/api.w.org\/{rel}","templated":true}]}}