{"id":24,"date":"2017-01-07T12:00:03","date_gmt":"2017-01-07T12:00:03","guid":{"rendered":"http:\/\/azexo.com\/madison\/creative\/?page_id=24"},"modified":"2024-04-16T12:37:28","modified_gmt":"2024-04-16T17:37:28","slug":"about","status":"publish","type":"page","link":"https:\/\/www.mcdcmadison.org\/es\/about\/","title":{"rendered":"Acerca de MCDC"},"content":{"rendered":"<p>La Coalici\u00f3n de Desarrollo de Cooperativas de Madison (MCDC por sus siglas en ingl\u00e9s) es la iniciativa financiada por el gobierno municipal de Madison para crear cooperativas de trabajo que hagan frente a la desigualdad de ingresos y las disparidades raciales mediante la creaci\u00f3n de trabajos sindicalizados y con salarios dignos. Somos un colectivo de organizaciones basadas en la comunidad y desarrolladores de cooperativas. MCDC trabaja para apoyar el crecimiento y la creaci\u00f3n de cooperativas de trabajo, espec\u00edficamente abordando los factores que afectan a comunidades de color locales, personas de escasos recursos y trabajadores tradicionalmente excluidos. La meta es crear un sistema sostenible que combata la pobreza, empodere a los trabajadores y aumente la equidad para fortalecer la salud econ\u00f3mica de Madison a largo plazo.<\/p>\n\n\n\n<p>M\u00e1s informaci\u00f3n sobre MCDC y su historia:<\/p>\n\n\n\n<ul class=\"wp-block-list\">\n<li><a rel=\"noreferrer noopener\" href=\"https:\/\/news.cals.wisc.edu\/2016\/10\/31\/madison-coalition-begins-cooperative-enterprise-development-program\/\" target=\"_blank\">Comunicado de Prensa (en ingl\u00e9s)<\/a><\/li>\n\n\n\n<li><a rel=\"noreferrer noopener\" href=\"http:\/\/www.mcdcmadison.org\/wp-content\/uploads\/2018\/04\/Local_Govt_Support.pdf\" target=\"_blank\">Apoyo de Gobiernos Locales para Cooperativas (en ingl\u00e9s)<\/a><\/li>\n\n\n\n<li><a aria-label=\" (opens in a new tab)\" href=\"http:\/\/www.mcdcmadison.org\/wp-content\/uploads\/2019\/09\/Folleto_de_MCDC_2019.pdf\" target=\"_blank\" rel=\"noreferrer noopener\">Folleto de MCDC (en espa\u00f1ol)<\/a><\/li>\n\n\n\n<li><a href=\"https:\/\/www.mcdcmadison.org\/wp-content\/uploads\/2022\/06\/MCDC-2022-FINAL_Standard_quality.pdf\">2022 Program Report<\/a><\/li>\n<\/ul>\n\n\n\n<h2 class=\"wp-block-heading\">Personal<\/h2>\n\n\n\n<div class=\"wp-block-media-text alignwide has-media-on-the-right is-stacked-on-mobile is-vertically-aligned-top\" style=\"grid-template-columns:auto 27%\"><div class=\"wp-block-media-text__content\">\n<h3 class=\"wp-block-heading\">Charity Schmidt<\/h3>\n\n\n\n<p>As a cooperative development specialist at the University of Wisconsin Center for Cooperatives, Charity provides technical assistance to start-up co-ops and facilitates outreach efforts to cooperators and community-based organizations. She coordinates the work of the&nbsp;<a href=\"http:\/\/www.mcdcmadison.org\/es\/\">La Coalici\u00f3n de Desarrollo de Cooperativas de Madison<\/a>&nbsp;(MCDC), the City of Madison\u2019s funded initiative to form worker cooperatives that address income inequality and racial disparities by creating living-wage and sustainable jobs. She takes pride in creating spaces for co-op education and coordination, building relationships between entrepreneurs and community organizations, and contributing to community-driven economic development in Madison.<\/p>\n\n\n\n<p>Charity earned masters degrees in Latin American, Caribbean, and Iberian Studies, and Sociology from University of Wisconsin-Madison. She taught classes on social theory, sociology of race and ethnicity, and American contemporary society at Madison College and UW-Madison. She has published work in topics ranging from diversity in and access to service learning, sociology in action beyond the university, and the crisis facing bee colonies. She serves on the Board of&nbsp;<a href=\"https:\/\/madworc.org\/\">MadWorC<\/a>, the peer to peer network of Madison worker cooperatives, the Board of&nbsp;<a href=\"https:\/\/workerjustice.org\/\">Worker Justice WI<\/a>, which builds collective worker power through training, labor rights education, collective action and community engagement, with an emphasis on interfaith involvement, and the Board of the&nbsp;<a href=\"https:\/\/www.ace.coop\/\">Association of Cooperative Educator<\/a>s (ACE), which united cooperative researchers, educators, practitioners, and developers primarily across Canada, United States, and the Caribbean, and the Board of&nbsp;<a href=\"https:\/\/sharedcapital.coop\/\">Shared Capital Cooperative<\/a>, a lending and investment fund for co-ops. When she\u2019s not working, Charity likes to kayak, play pool, listen to spooky podcasts, or just relax in her garden.<\/p>\n\n\n\n<p>Contacto: <a href=\"mailto:charity.schmidt@wisc.edu\">charity.schmidt@wisc.edu<\/a><\/p>\n<\/div><figure class=\"wp-block-media-text__media\"><img decoding=\"async\" width=\"819\" height=\"1024\" src=\"http:\/\/www.mcdcmadison.org\/wp-content\/uploads\/2018\/10\/Schmidt_Charity_20180830_4x5crop-819x1024.jpg\" alt=\"\" class=\"wp-image-341 size-full\"\/><\/figure><\/div>\n\n\n\n<h2 class=\"wp-block-heading\"> <br>Mesa Ejecutiva<\/h2>\n\n\n\n<div class=\"wp-block-media-text alignwide has-media-on-the-right is-stacked-on-mobile is-vertically-aligned-top\" style=\"grid-template-columns:auto 35%\"><div class=\"wp-block-media-text__content\">\n<h3 class=\"wp-block-heading\">Courtney Berner<\/h3>\n\n\n\n<p>Courtney se sum\u00f3 al Centro para Cooperativas de la Universidad de Wisconsin en 2011 y trabaj\u00f3 como especialista en desarrollo de cooperativas hasta que pas\u00f3 a ser Directora Ejecutiva en enero de 2018. Como Directora Ejecutiva, ella desarrolla cursos, conferencias y otros programas educativos y trabaja estrechamente con el director docente en la direcci\u00f3n estrat\u00e9gica del Centro. Courtney da un <a rel=\"noreferrer noopener\" href=\"\/es\/www.uwcc.wisc.edu\/pdf\/AAE_323_Syllabus_10.30.17.pdf\/\" target=\"_blank\">curso sobre cooperativas<\/a> en la Universidad de Wisconsin-Madison con un enfoque en el rol y el manejo de cooperativas, los grupos cooperativos y la acci\u00f3n colectiva.<\/p>\n\n\n\n<p>Courtney ha brindado apoyo a cooperativas nuevas y establecidas de todo tipo y en un rango de industrias tales como la agricultura, las tiendas de comida, la manufactura, la energ\u00eda, la salud y la silvicultura. Sus \u00e1reas de conocimiento incluyen el desarrollo de empresas, el financiamiento y la gobernanza de las cooperativas, y los usos innovadores del modelo cooperativo. Courtney escribe y presenta frecuentemente sobre el modelo cooperativo de negocios y \u00faltimamente coescribi\u00f3 <a href=\"https:\/\/resources.uwcc.wisc.edu\/Agriculture\/Farm_Labor_Assessment_Toolbox.pdf\">Coordinating Farm Labor Across Farms: A Toolbox for Diversified Farmers and Farmworkers<\/a> con Farm Commons.<\/p>\n\n\n\n<p>Antes de sumarse al Centro, Courtney trabaj\u00f3 en el Worldwatch Institute, un instituto de investigaci\u00f3n independiente dedicado a problemas ambientales globales. Courtney tiene una maestr\u00eda en agroecolog\u00eda de la Universidad de Wisconsin-Madison y bachilleratos en biolog\u00eda, franc\u00e9s y estudios ambientales de Pacific Lutheran University en Tacoma, Washington. Courtney fue parte de la Mesa Directiva de Willy Street Grocery Co-op de 2013 a 2016 y en la actualidad es parte la Mesa Directiva de la Wisconsin Economic Development Association.<\/p>\n\n\n\n<p>Informaci\u00f3n de contacto: (608) 890-0966 o <a href=\"mailto:cberner@wisc.edu\">cberner@wisc.edu<\/a><\/p>\n\n\n\n<h2 class=\"wp-block-heading\"><\/h2>\n\n\n\n<p><\/p>\n<\/div><figure class=\"wp-block-media-text__media\"><img decoding=\"async\" width=\"800\" height=\"800\" src=\"http:\/\/www.mcdcmadison.org\/wp-content\/uploads\/2018\/04\/team-courtney.jpg\" alt=\"\" class=\"wp-image-223 size-full\" srcset=\"https:\/\/www.mcdcmadison.org\/wp-content\/uploads\/2018\/04\/team-courtney.jpg 800w, https:\/\/www.mcdcmadison.org\/wp-content\/uploads\/2018\/04\/team-courtney-150x150.jpg 150w, https:\/\/www.mcdcmadison.org\/wp-content\/uploads\/2018\/04\/team-courtney-300x300.jpg 300w, https:\/\/www.mcdcmadison.org\/wp-content\/uploads\/2018\/04\/team-courtney-768x768.jpg 768w\" sizes=\"(max-width: 800px) 100vw, 800px\" \/><\/figure><\/div>\n\n\n\n<div class=\"wp-block-media-text alignwide is-stacked-on-mobile is-vertically-aligned-top\" style=\"grid-template-columns:33% auto\"><figure class=\"wp-block-media-text__media\"><img decoding=\"async\" width=\"1024\" height=\"638\" src=\"https:\/\/www.mcdcmadison.org\/wp-content\/uploads\/2023\/05\/head-shot-by-vanessa-1024x638.jpg\" alt=\"\" class=\"wp-image-7737 size-full\" srcset=\"https:\/\/www.mcdcmadison.org\/wp-content\/uploads\/2023\/05\/head-shot-by-vanessa-1024x638.jpg 1024w, https:\/\/www.mcdcmadison.org\/wp-content\/uploads\/2023\/05\/head-shot-by-vanessa-300x187.jpg 300w, https:\/\/www.mcdcmadison.org\/wp-content\/uploads\/2023\/05\/head-shot-by-vanessa-768x478.jpg 768w, https:\/\/www.mcdcmadison.org\/wp-content\/uploads\/2023\/05\/head-shot-by-vanessa-1536x957.jpg 1536w, https:\/\/www.mcdcmadison.org\/wp-content\/uploads\/2023\/05\/head-shot-by-vanessa-18x12.jpg 18w, https:\/\/www.mcdcmadison.org\/wp-content\/uploads\/2023\/05\/head-shot-by-vanessa.jpg 1557w\" sizes=\"(max-width: 1024px) 100vw, 1024px\" \/><\/figure><div class=\"wp-block-media-text__content\">\n<h3 class=\"wp-block-heading\">Rebecca Kemble<\/h3>\n\n\n\n<p>Rebecca is a worker-owner at Union Cab Cooperative where she has worked as a taxi driver and served in various governance and management positions since 2000. She is the past President of the US Federation of Worker Cooperatives and the past President of CICOPA North America, the sub-regional body of the worker cooperative sector of the International Cooperative Alliance. She was also the Vice President of CICOPA Americas and served on the Executive Board of CICOPA worldwide for six years. An elected Alderperson on the Madison Common Council from 2015 &#8211; 2021, Rebecca is currently involved with many projects, including the Line 5 Coalition, Madison Mutual Aid Network, Solidarity Economy Principles Project, regional food systems advocacy, and various worker cooperative and media projects.<\/p>\n<\/div><\/div>\n\n\n\n<div class=\"wp-block-media-text alignwide has-media-on-the-right is-stacked-on-mobile\" style=\"grid-template-columns:auto 37%\"><div class=\"wp-block-media-text__content\">\n<p><\/p>\n\n\n\n<p><\/p>\n\n\n\n<p><\/p>\n\n\n\n<h3 class=\"wp-block-heading\">Martin Alvarado<\/h3>\n\n\n\n<p>Martin Alvarado (he\/him\/\u00e9l) is the Community Engagement Librarian for Business and Technology at Madison Public Library. His work focuses on equitable support for diverse entrepreneurs, promoting the worker cooperative model, digital inclusion, and oral community histories through the library\u2019s Living History Project archive.&nbsp;<\/p>\n\n\n\n<p><a><\/a><a><\/a><a><\/a><a><\/a><a><\/a>He has an Associate in Arts from Madison Area Technical College, a Bachelor of Science degree in Geology and Geophysics from UW-Madison, and a Masters of Library and Information Science with an IT concentration from UW-Milwaukee.<\/p>\n\n\n\n<p>Martin&nbsp;is a founder and former worker-owner at the Interpreters&#8217; Cooperative of Madison. He currently serves on the boards of DANEnet, We are Many &#8211; United Against Hate, and AFSCME Local 6000. You can catch him on Monday mornings&nbsp;from 9 to noon&nbsp;on WORT 89.9FM&nbsp;Madison, where he co-hosts the folk and international music show&nbsp;<em>Global Revolutions.<\/em><\/p>\n\n\n\n<p>He can be reached at <a rel=\"noreferrer noopener\" href=\"mailto:malvarado@madisonpubliclibrary.org\" target=\"_blank\">malvarado@madisonpubliclibrary.org<\/a>. <\/p>\n<\/div><figure class=\"wp-block-media-text__media\"><img decoding=\"async\" width=\"1024\" height=\"683\" src=\"https:\/\/www.mcdcmadison.org\/wp-content\/uploads\/2023\/05\/Martin-headshot-1024x683.jpg\" alt=\"\" class=\"wp-image-7749 size-full\" srcset=\"https:\/\/www.mcdcmadison.org\/wp-content\/uploads\/2023\/05\/Martin-headshot-1024x683.jpg 1024w, https:\/\/www.mcdcmadison.org\/wp-content\/uploads\/2023\/05\/Martin-headshot-300x200.jpg 300w, https:\/\/www.mcdcmadison.org\/wp-content\/uploads\/2023\/05\/Martin-headshot-768x512.jpg 768w, https:\/\/www.mcdcmadison.org\/wp-content\/uploads\/2023\/05\/Martin-headshot-18x12.jpg 18w, https:\/\/www.mcdcmadison.org\/wp-content\/uploads\/2023\/05\/Martin-headshot-930x620.jpg 930w, https:\/\/www.mcdcmadison.org\/wp-content\/uploads\/2023\/05\/Martin-headshot.jpg 1080w\" sizes=\"(max-width: 1024px) 100vw, 1024px\" \/><\/figure><\/div>","protected":false},"excerpt":{"rendered":"<p>The Madison Cooperative Development Coalition (MCDC) is the City of Madison&#8217;s initiative to form worker cooperatives that address income inequality and racial disparities by creating living-wage and sustainable jobs. We are a collaborative of community-based organizations, business resource specialists, and cooperative developers. MCDC works to support the growth and creation of worker cooperatives, specifically addressing&hellip;&nbsp;<a href=\"https:\/\/www.mcdcmadison.org\/es\/about\/\" class=\"\" rel=\"bookmark\">Leer m\u00e1s &raquo;<span class=\"screen-reader-text\">Acerca de MCDC<\/span><\/a><\/p>","protected":false},"author":1,"featured_media":0,"parent":0,"menu_order":0,"comment_status":"closed","ping_status":"closed","template":"","meta":{"neve_meta_sidebar":"","neve_meta_container":"","neve_meta_enable_content_width":"off","neve_meta_content_width":0,"neve_meta_title_alignment":"","neve_meta_author_avatar":"","neve_post_elements_order":"","neve_meta_disable_header":"","neve_meta_disable_footer":"","neve_meta_disable_title":"","jetpack_post_was_ever_published":false,"footnotes":""},"class_list":["post-24","page","type-page","status-publish","hentry"],"jetpack_shortlink":"https:\/\/wp.me\/PaWzR5-o","jetpack_sharing_enabled":false,"_links":{"self":[{"href":"https:\/\/www.mcdcmadison.org\/es\/wp-json\/wp\/v2\/pages\/24","targetHints":{"allow":["GET"]}}],"collection":[{"href":"https:\/\/www.mcdcmadison.org\/es\/wp-json\/wp\/v2\/pages"}],"about":[{"href":"https:\/\/www.mcdcmadison.org\/es\/wp-json\/wp\/v2\/types\/page"}],"author":[{"embeddable":true,"href":"https:\/\/www.mcdcmadison.org\/es\/wp-json\/wp\/v2\/users\/1"}],"replies":[{"embeddable":true,"href":"https:\/\/www.mcdcmadison.org\/es\/wp-json\/wp\/v2\/comments?post=24"}],"version-history":[{"count":0,"href":"https:\/\/www.mcdcmadison.org\/es\/wp-json\/wp\/v2\/pages\/24\/revisions"}],"wp:attachment":[{"href":"https:\/\/www.mcdcmadison.org\/es\/wp-json\/wp\/v2\/media?parent=24"}],"curies":[{"name":"wp","href":"https:\/\/api.w.org\/{rel}","templated":true}]}}