{"id":126,"date":"2018-01-10T18:57:52","date_gmt":"2018-01-10T18:57:52","guid":{"rendered":"http:\/\/jlwebworx.com\/mcdc\/?page_id=126"},"modified":"2024-09-05T14:59:11","modified_gmt":"2024-09-05T19:59:11","slug":"co-ops","status":"publish","type":"page","link":"https:\/\/www.mcdcmadison.org\/es\/co-ops\/","title":{"rendered":"Nuestras cooperativas"},"content":{"rendered":"<figure class=\"wp-block-image size-large\"><img decoding=\"async\" width=\"1024\" height=\"675\" src=\"http:\/\/www.mcdcmadison.org\/wp-content\/uploads\/2020\/10\/GIR-group-photo-1024x675.jpg\" alt=\"\" class=\"wp-image-1180\" srcset=\"https:\/\/www.mcdcmadison.org\/wp-content\/uploads\/2020\/10\/GIR-group-photo-1024x675.jpg 1024w, https:\/\/www.mcdcmadison.org\/wp-content\/uploads\/2020\/10\/GIR-group-photo-300x198.jpg 300w, https:\/\/www.mcdcmadison.org\/wp-content\/uploads\/2020\/10\/GIR-group-photo-768x506.jpg 768w, https:\/\/www.mcdcmadison.org\/wp-content\/uploads\/2020\/10\/GIR-group-photo-1536x1012.jpg 1536w, https:\/\/www.mcdcmadison.org\/wp-content\/uploads\/2020\/10\/GIR-group-photo-2048x1350.jpg 2048w, https:\/\/www.mcdcmadison.org\/wp-content\/uploads\/2020\/10\/GIR-group-photo-16x12.jpg 16w, https:\/\/www.mcdcmadison.org\/wp-content\/uploads\/2020\/10\/GIR-group-photo-1320x870.jpg 1320w\" sizes=\"(max-width: 1024px) 100vw, 1024px\" \/><figcaption class=\"wp-element-caption\">Members of Get It Right Educators Cooperative.<\/figcaption><\/figure>\n\n\n\n<p>MCDC has helped multiple worker co-ops to launch, and we couldn&#8217;t be more excited for them!<\/p>\n\n\n\n<div class=\"wp-block-media-text alignwide has-media-on-the-right is-stacked-on-mobile\"><div class=\"wp-block-media-text__content\">\n<p><strong>Cooperativa de Contabilidad Common Good (Bien Com\u00fan)<\/strong><\/p>\n\n\n\n<p>CGB arose out of a need recognized by local worker cooperatives and small community non-profits for affordable bookkeeping and admin services for startups, small businesses and organizations who don\u2019t have the capacity for such expertise in-house. CGBC is a worker cooperative that provides financial and administrative support services and training. These include: bookkeeping, payroll and tax processing, start-up filings, worker co-op startup support, data entry, database support, and more. CGBC is located at the Social Justice Center, 1202 Williamson St., in Madison. For more information about their services, or how to join the co-op as a member-owner, contact <a href=\"mailto:info@cgb.coop\">info@cgb.coop<\/a>.<\/p>\n<\/div><figure class=\"wp-block-media-text__media\"><img decoding=\"async\" width=\"1024\" height=\"680\" src=\"http:\/\/www.mcdcmadison.org\/wp-content\/uploads\/2018\/10\/2018-02-07-20.03.22-1024x680.jpg\" alt=\"\" class=\"wp-image-328 size-full\" srcset=\"https:\/\/www.mcdcmadison.org\/wp-content\/uploads\/2018\/10\/2018-02-07-20.03.22-1024x680.jpg 1024w, https:\/\/www.mcdcmadison.org\/wp-content\/uploads\/2018\/10\/2018-02-07-20.03.22-300x199.jpg 300w, https:\/\/www.mcdcmadison.org\/wp-content\/uploads\/2018\/10\/2018-02-07-20.03.22-768x510.jpg 768w\" sizes=\"(max-width: 1024px) 100vw, 1024px\" \/><\/figure><\/div>\n\n\n\n<div class=\"wp-block-media-text alignwide is-stacked-on-mobile\"><figure class=\"wp-block-media-text__media\"><img decoding=\"async\" width=\"1024\" height=\"676\" src=\"http:\/\/www.mcdcmadison.org\/wp-content\/uploads\/2020\/05\/image2-1024x676.jpg\" alt=\"\" class=\"wp-image-916 size-full\" srcset=\"https:\/\/www.mcdcmadison.org\/wp-content\/uploads\/2020\/05\/image2-1024x676.jpg 1024w, https:\/\/www.mcdcmadison.org\/wp-content\/uploads\/2020\/05\/image2-300x198.jpg 300w, https:\/\/www.mcdcmadison.org\/wp-content\/uploads\/2020\/05\/image2-768x507.jpg 768w, https:\/\/www.mcdcmadison.org\/wp-content\/uploads\/2020\/05\/image2.jpg 1123w\" sizes=\"(max-width: 1024px) 100vw, 1024px\" \/><\/figure><div class=\"wp-block-media-text__content\">\n<p><strong>Ra\u00edces para el Cambio<\/strong><\/p>\n\n\n\n<p>Raices para el Cambio &#8212; in English, Roots4Change &#8212; is Dane County&#8217;s first co-op led by Latina\/indigenous women. Most of the women are first-time business owners. Their work focuses on doula services and post-natal care, but they also offer support well into childhood, such as healthy eating demonstrations and art classes. They specialize in cultural awareness of the needs of the Latinx\/indigenous community. They were incubated by Centro Hispano, which received a CBO grant from MCDC. For more information about their cooperative, visit their <a href=\"http:\/\/roots4change.coop\">el sitio web de nINA Collective<\/a>. To contact them, write to <a href=\"mailto:soporte@roots4change.coop\">soporte@roots4change.coop<\/a>.<\/p>\n<\/div><\/div>\n\n\n\n<div class=\"wp-block-media-text alignwide is-stacked-on-mobile\"><figure class=\"wp-block-media-text__media\"><img decoding=\"async\" width=\"1000\" height=\"594\" src=\"http:\/\/www.mcdcmadison.org\/wp-content\/uploads\/2020\/05\/nina-group21.jpg\" alt=\"\" class=\"wp-image-859 size-full\" srcset=\"https:\/\/www.mcdcmadison.org\/wp-content\/uploads\/2020\/05\/nina-group21.jpg 1000w, https:\/\/www.mcdcmadison.org\/wp-content\/uploads\/2020\/05\/nina-group21-300x178.jpg 300w, https:\/\/www.mcdcmadison.org\/wp-content\/uploads\/2020\/05\/nina-group21-768x456.jpg 768w\" sizes=\"(max-width: 1000px) 100vw, 1000px\" \/><\/figure><div class=\"wp-block-media-text__content\">\n<p><strong>nINA Collective<\/strong><\/p>\n\n\n\n<p>nINA&#8217;s launch happened virtually on May 13th, 2020, due to the pandemic. As their <a href=\"https:\/\/www.ninacollective.com\/\">el sitio web de nINA Collective<\/a> \"modelando que otra modo de ser es posible, transformamos, apoyamos, y creamos sistemas y estructuras construidos sobre la base de equidad racial.\" Todas las miembras llevan a\u00f1os de experiencia en identificar y desarmar la injusticia estructural.<\/p>\n<\/div><\/div>\n\n\n\n<div class=\"wp-block-media-text alignwide has-media-on-the-right is-stacked-on-mobile\"><div class=\"wp-block-media-text__content\">\n<p><strong>Get It Right Educators Cooperative<\/strong><\/p>\n\n\n\n<p class=\"has-normal-font-size\"><a href=\"https:\/\/getitrighteducators.coop\/\">Get It Right Educators Cooperative<\/a> is a non-profit worker cooperative of educators in Madison. They staffed the <a href=\"https:\/\/milestonedemocratic.org\/\">Milestone Democratic School<\/a>, an &#8220;independent, tuition-free, open-enrollment public secondary charter school&#8221; on Madison&#8217;s east side until 2024. It operated on a highly participatory model, to the point where much of the school was designed by its own students. A student was also the President of the Board of Directors.<\/p>\n<\/div><figure class=\"wp-block-media-text__media\"><img decoding=\"async\" width=\"400\" height=\"533\" src=\"http:\/\/www.mcdcmadison.org\/wp-content\/uploads\/2023\/12\/GIR-at-Milestone-small.jpg\" alt=\"A person wearing a mask, black t-shirt with yellow writing, and jeans, stands in front of a wall with brightly colored murals, including a large monarch butterfly and some smaller butterflies.\" class=\"wp-image-7860 size-full\" srcset=\"https:\/\/www.mcdcmadison.org\/wp-content\/uploads\/2023\/12\/GIR-at-Milestone-small.jpg 400w, https:\/\/www.mcdcmadison.org\/wp-content\/uploads\/2023\/12\/GIR-at-Milestone-small-225x300.jpg 225w, https:\/\/www.mcdcmadison.org\/wp-content\/uploads\/2023\/12\/GIR-at-Milestone-small-9x12.jpg 9w\" sizes=\"(max-width: 400px) 100vw, 400px\" \/><\/figure><\/div>\n\n\n\n<p><\/p>\n\n\n\n<div class=\"wp-block-media-text alignwide is-stacked-on-mobile\" style=\"grid-template-columns:35% auto\"><figure class=\"wp-block-media-text__media\"><img decoding=\"async\" width=\"768\" height=\"281\" src=\"https:\/\/www.mcdcmadison.org\/wp-content\/uploads\/2023\/05\/tone-madison.jpg\" alt=\"\" class=\"wp-image-7747 size-full\" srcset=\"https:\/\/www.mcdcmadison.org\/wp-content\/uploads\/2023\/05\/tone-madison.jpg 768w, https:\/\/www.mcdcmadison.org\/wp-content\/uploads\/2023\/05\/tone-madison-300x110.jpg 300w, https:\/\/www.mcdcmadison.org\/wp-content\/uploads\/2023\/05\/tone-madison-18x7.jpg 18w\" sizes=\"(max-width: 768px) 100vw, 768px\" \/><\/figure><div class=\"wp-block-media-text__content\">\n<p><strong>Tone Madison<\/strong><\/p>\n\n\n\n<p><em>Tone Madison<\/em>&nbsp;is an independent website covering culture and politics in Madison. You can visit their <a href=\"https:\/\/tonemadison.com\/\">el sitio web de nINA Collective<\/a> to get the current news, or you can sign up for their email list to get it delivered right to your inbox. <\/p>\n<\/div><\/div>\n\n\n\n<div class=\"wp-block-media-text has-media-on-the-right is-stacked-on-mobile\" style=\"grid-template-columns:auto 39%\"><div class=\"wp-block-media-text__content\">\n<p><strong>Small Axe<\/strong><\/p>\n\n\n\n<p><a href=\"https:\/\/www.smallaxe.me\/\">Small Axe<\/a> is a legal services cooperative, focusing on serving oppressed people. They provide services for entities (such as businesses and co-ops), and individuals (including wills and name change). They also hold educational events on topics such as legal  name changes and will-writing. <\/p>\n<\/div><figure class=\"wp-block-media-text__media\"><img decoding=\"async\" width=\"1024\" height=\"1024\" src=\"http:\/\/www.mcdcmadison.org\/wp-content\/uploads\/2024\/09\/small-axe-1024x1024.png\" alt=\"\" class=\"wp-image-7987 size-full\" srcset=\"https:\/\/www.mcdcmadison.org\/wp-content\/uploads\/2024\/09\/small-axe-1024x1024.png 1024w, https:\/\/www.mcdcmadison.org\/wp-content\/uploads\/2024\/09\/small-axe-300x300.png 300w, https:\/\/www.mcdcmadison.org\/wp-content\/uploads\/2024\/09\/small-axe-150x150.png 150w, https:\/\/www.mcdcmadison.org\/wp-content\/uploads\/2024\/09\/small-axe-768x769.png 768w, https:\/\/www.mcdcmadison.org\/wp-content\/uploads\/2024\/09\/small-axe-12x12.png 12w, https:\/\/www.mcdcmadison.org\/wp-content\/uploads\/2024\/09\/small-axe.png 1220w\" sizes=\"(max-width: 1024px) 100vw, 1024px\" \/><\/figure><\/div>\n\n\n\n<div class=\"wp-block-media-text is-stacked-on-mobile\" style=\"grid-template-columns:28% auto\"><figure class=\"wp-block-media-text__media\"><img decoding=\"async\" width=\"1024\" height=\"1024\" src=\"https:\/\/www.mcdcmadison.org\/wp-content\/uploads\/2024\/09\/Los-Volcanes-logo-1024x1024.png\" alt=\"\" class=\"wp-image-7988 size-full\" srcset=\"https:\/\/www.mcdcmadison.org\/wp-content\/uploads\/2024\/09\/Los-Volcanes-logo-1024x1024.png 1024w, https:\/\/www.mcdcmadison.org\/wp-content\/uploads\/2024\/09\/Los-Volcanes-logo-300x300.png 300w, https:\/\/www.mcdcmadison.org\/wp-content\/uploads\/2024\/09\/Los-Volcanes-logo-150x150.png 150w, https:\/\/www.mcdcmadison.org\/wp-content\/uploads\/2024\/09\/Los-Volcanes-logo-768x768.png 768w, https:\/\/www.mcdcmadison.org\/wp-content\/uploads\/2024\/09\/Los-Volcanes-logo-12x12.png 12w, https:\/\/www.mcdcmadison.org\/wp-content\/uploads\/2024\/09\/Los-Volcanes-logo.png 1080w\" sizes=\"(max-width: 1024px) 100vw, 1024px\" \/><\/figure><div class=\"wp-block-media-text__content\">\n<p><strong>Los Volcanes<\/strong><\/p>\n\n\n\n<p>Los Volcanes is an up-and-coming, cooperatively-run association that focuses on screenprinting, sewing, and embroidery. They are being incubated by <a href=\"http:\/\/workerjustice.org\">Worker Justice Wisconsin<\/a>. <\/p>\n<\/div><\/div>\n\n\n\n<div class=\"wp-block-media-text alignwide is-stacked-on-mobile\" style=\"grid-template-columns:28% auto\"><figure class=\"wp-block-media-text__media\"><img decoding=\"async\" width=\"221\" height=\"228\" src=\"http:\/\/www.mcdcmadison.org\/wp-content\/uploads\/2021\/10\/macha.jpg\" alt=\"\" class=\"wp-image-7524 size-full\" srcset=\"https:\/\/www.mcdcmadison.org\/wp-content\/uploads\/2021\/10\/macha.jpg 221w, https:\/\/www.mcdcmadison.org\/wp-content\/uploads\/2021\/10\/macha-12x12.jpg 12w\" sizes=\"(max-width: 221px) 100vw, 221px\" \/><\/figure><div class=\"wp-block-media-text__content\">\n<p class=\"has-normal-font-size\"><strong>MACHA Services<\/strong><\/p>\n\n\n\n<p>MACHA Services, the worker-cooperative outgrowth of the Madison Area Cooperative Housing Alliance (MACHA) that began in 2021, is dedicated to growing the community of housing cooperatives. MACHA works with people going through the process of developing their own housing cooperative from start to finish &#8212; writing grants, developing bylaws, finding members, building community, and so on &#8212; and existing cooperatives to be more administratively effective.&nbsp;<\/p>\n\n\n\n<p>Sustaining and creating affordable housing through an intentional community can be hard work, but MACHA Services allows folks to do the more joyous work of making space for human flourishing. Learn more about them on their <a href=\"https:\/\/www.machacoop.org\/\">el sitio web de nINA Collective<\/a>. <\/p>\n<\/div><\/div>\n\n\n\n<div class=\"wp-block-media-text alignwide has-media-on-the-right is-stacked-on-mobile\" style=\"grid-template-columns:auto 31%\"><div class=\"wp-block-media-text__content\">\n<p><strong>Iron Roots Restaurant<\/strong><\/p>\n\n\n\n<p>Iron Roots Restaurant is a cooperative restaurant that is in the process of finding a suitable location. If you have any leads, let us know!  <\/p>\n<\/div><figure class=\"wp-block-media-text__media\"><img decoding=\"async\" width=\"791\" height=\"1024\" src=\"https:\/\/www.mcdcmadison.org\/wp-content\/uploads\/2023\/05\/iron-roots-791x1024.jpeg\" alt=\"\" class=\"wp-image-7744 size-full\" srcset=\"https:\/\/www.mcdcmadison.org\/wp-content\/uploads\/2023\/05\/iron-roots-791x1024.jpeg 791w, https:\/\/www.mcdcmadison.org\/wp-content\/uploads\/2023\/05\/iron-roots-232x300.jpeg 232w, https:\/\/www.mcdcmadison.org\/wp-content\/uploads\/2023\/05\/iron-roots-768x995.jpeg 768w, https:\/\/www.mcdcmadison.org\/wp-content\/uploads\/2023\/05\/iron-roots-9x12.jpeg 9w, https:\/\/www.mcdcmadison.org\/wp-content\/uploads\/2023\/05\/iron-roots.jpeg 834w\" sizes=\"(max-width: 791px) 100vw, 791px\" \/><\/figure><\/div>\n\n\n\n<p><\/p>\n\n\n\n<hr class=\"wp-block-separator has-alpha-channel-opacity\"\/>\n\n\n\n<h5 class=\"wp-block-heading\">Co-ops We Have Worked With<\/h5>\n\n\n\n<p>Starting a worker cooperative can be challenging, and starting during the pandemic was especially challenging. The people who started these cooperatives put in a lot of hard work, and we want to acknowledge that. <\/p>\n\n\n\n<div class=\"wp-block-media-text alignwide has-media-on-the-right is-stacked-on-mobile\"><div class=\"wp-block-media-text__content\">\n<p><strong>Soaring Independent Cooperative<\/strong><\/p>\n\n\n\n<p>El cuidado de salud en casa es el sector de mayor crecimiento dentro del cooperativismo de trabajo, y ahora Madison est\u00e1 participando de ese crecimiento con <a href=\"https:\/\/www.soaringindependent.com\/\">Soaring Independent Cooperative<\/a> (SIC). Sus l\u00edderes son mujeres de color que son cuidadoras experimentadas, y tambi\u00e9n amigas y familias de los receptores del cuidado. Ellas decidieron organizarse al darse cuenta de que compart\u00edan dudas y frustraciones en ambos roles. Consideran que empoderarse a s\u00ed mismas y cuidar mejor a sus clientes van de la mano. <a href=\"http:\/\/www.mcdcmadison.org\/es\/2019\/05\/15\/co-op-spotlight-soaring-independent-cooperative\/\">Lea m\u00e1s sobre SIC<\/a>. Las puede contactar escribiendo a <a href=\"mailto:g.allen@soaringindependent.com\">g.allen@soaringindependent.com<\/a>.<\/p>\n<\/div><figure class=\"wp-block-media-text__media\"><img decoding=\"async\" width=\"1024\" height=\"768\" src=\"http:\/\/www.mcdcmadison.org\/wp-content\/uploads\/2019\/04\/wort-1024x768.jpg\" alt=\"\" class=\"wp-image-415 size-full\" srcset=\"https:\/\/www.mcdcmadison.org\/wp-content\/uploads\/2019\/04\/wort-1024x768.jpg 1024w, https:\/\/www.mcdcmadison.org\/wp-content\/uploads\/2019\/04\/wort-300x225.jpg 300w, https:\/\/www.mcdcmadison.org\/wp-content\/uploads\/2019\/04\/wort-768x576.jpg 768w, https:\/\/www.mcdcmadison.org\/wp-content\/uploads\/2019\/04\/wort-1320x990.jpg 1320w\" sizes=\"(max-width: 1024px) 100vw, 1024px\" \/><\/figure><\/div>\n\n\n\n<div class=\"wp-block-media-text alignwide has-media-on-the-right is-stacked-on-mobile\" style=\"grid-template-columns:auto 28%\"><div class=\"wp-block-media-text__content\">\n<p><strong>Madison CycleWorks<\/strong><\/p>\n\n\n\n<p>Madison CycleWorks is a worker-owned cooperative offering bike-centric services, including mobile bike repair and pedal-powered delivery. You can learn more (including how to schedule a bike tune-up at your home or how to schedule wholesale distribution, business-to-business and direct-to-consumer delivery and\/or pick-up) on their <a href=\"https:\/\/madisoncycleworks.com\/\">el sitio web de nINA Collective<\/a>. <\/p>\n<\/div><figure class=\"wp-block-media-text__media\"><img decoding=\"async\" width=\"500\" height=\"500\" src=\"https:\/\/www.mcdcmadison.org\/wp-content\/uploads\/2023\/05\/cycleworks-on-black.png\" alt=\"\" class=\"wp-image-7746 size-full\" srcset=\"https:\/\/www.mcdcmadison.org\/wp-content\/uploads\/2023\/05\/cycleworks-on-black.png 500w, https:\/\/www.mcdcmadison.org\/wp-content\/uploads\/2023\/05\/cycleworks-on-black-300x300.png 300w, https:\/\/www.mcdcmadison.org\/wp-content\/uploads\/2023\/05\/cycleworks-on-black-150x150.png 150w, https:\/\/www.mcdcmadison.org\/wp-content\/uploads\/2023\/05\/cycleworks-on-black-12x12.png 12w\" sizes=\"(max-width: 500px) 100vw, 500px\" \/><\/figure><\/div>\n\n\n\n<p><strong>Madison Cannabis Community Co-op<\/strong><\/p>\n\n\n\n<p>This cooperative put in a lot of work during the pandemic, but is taking a break. Their goal is to create CBD products to be sold in local stores. <\/p>\n\n\n\n<hr class=\"wp-block-separator has-alpha-channel-opacity\"\/>\n\n\n\n<p><strong>In addition to the co-ops that have launched<\/strong>, we are working with around a dozen co-ops in development (the exact number is constantly changing). Some are very early in the process of organizing, others are close to launching, and the rest are somewhere in between. Many of them have already received a grant to facilitate their development, while others come to us just for advice, which we are happy to give.<\/p>","protected":false},"excerpt":{"rendered":"<p>MCDC has helped multiple worker co-ops to launch, and we couldn&#8217;t be more excited for them! Common Good Bookkeeping Cooperative CGB arose out of a need recognized by local worker cooperatives and small community non-profits for affordable bookkeeping and admin services for startups, small businesses and organizations who don\u2019t have the capacity for such expertise&hellip;&nbsp;<a href=\"https:\/\/www.mcdcmadison.org\/es\/co-ops\/\" class=\"\" rel=\"bookmark\">Leer m\u00e1s &raquo;<span class=\"screen-reader-text\">Nuestras cooperativas<\/span><\/a><\/p>","protected":false},"author":3,"featured_media":0,"parent":0,"menu_order":0,"comment_status":"closed","ping_status":"closed","template":"","meta":{"neve_meta_sidebar":"","neve_meta_container":"","neve_meta_enable_content_width":"off","neve_meta_content_width":0,"neve_meta_title_alignment":"","neve_meta_author_avatar":"","neve_post_elements_order":"","neve_meta_disable_header":"","neve_meta_disable_footer":"","neve_meta_disable_title":"","jetpack_post_was_ever_published":false,"footnotes":""},"class_list":["post-126","page","type-page","status-publish","hentry"],"jetpack_shortlink":"https:\/\/wp.me\/PaWzR5-22","jetpack_sharing_enabled":true,"_links":{"self":[{"href":"https:\/\/www.mcdcmadison.org\/es\/wp-json\/wp\/v2\/pages\/126","targetHints":{"allow":["GET"]}}],"collection":[{"href":"https:\/\/www.mcdcmadison.org\/es\/wp-json\/wp\/v2\/pages"}],"about":[{"href":"https:\/\/www.mcdcmadison.org\/es\/wp-json\/wp\/v2\/types\/page"}],"author":[{"embeddable":true,"href":"https:\/\/www.mcdcmadison.org\/es\/wp-json\/wp\/v2\/users\/3"}],"replies":[{"embeddable":true,"href":"https:\/\/www.mcdcmadison.org\/es\/wp-json\/wp\/v2\/comments?post=126"}],"version-history":[{"count":0,"href":"https:\/\/www.mcdcmadison.org\/es\/wp-json\/wp\/v2\/pages\/126\/revisions"}],"wp:attachment":[{"href":"https:\/\/www.mcdcmadison.org\/es\/wp-json\/wp\/v2\/media?parent=126"}],"curies":[{"name":"wp","href":"https:\/\/api.w.org\/{rel}","templated":true}]}}