{"id":124,"date":"2018-01-10T18:57:23","date_gmt":"2018-01-11T00:57:23","guid":{"rendered":"http:\/\/jlwebworx.com\/mcdc\/?page_id=124"},"modified":"2024-11-05T18:36:22","modified_gmt":"2024-11-06T00:36:22","slug":"start-a-coop","status":"publish","type":"page","link":"https:\/\/www.mcdcmadison.org\/es\/start-a-coop\/","title":{"rendered":"\u00bfListos para formar una cooperativa?"},"content":{"rendered":"<figure class=\"wp-block-image size-large\"><img decoding=\"async\" width=\"1024\" height=\"768\" src=\"https:\/\/www.mcdcmadison.org\/wp-content\/uploads\/2024\/03\/IMG_0868-1024x768.jpg\" alt=\"\" class=\"wp-image-7901\" srcset=\"https:\/\/www.mcdcmadison.org\/wp-content\/uploads\/2024\/03\/IMG_0868-1024x768.jpg 1024w, https:\/\/www.mcdcmadison.org\/wp-content\/uploads\/2024\/03\/IMG_0868-300x225.jpg 300w, https:\/\/www.mcdcmadison.org\/wp-content\/uploads\/2024\/03\/IMG_0868-768x576.jpg 768w, https:\/\/www.mcdcmadison.org\/wp-content\/uploads\/2024\/03\/IMG_0868-1536x1152.jpg 1536w, https:\/\/www.mcdcmadison.org\/wp-content\/uploads\/2024\/03\/IMG_0868-2048x1536.jpg 2048w, https:\/\/www.mcdcmadison.org\/wp-content\/uploads\/2024\/03\/IMG_0868-16x12.jpg 16w, https:\/\/www.mcdcmadison.org\/wp-content\/uploads\/2024\/03\/IMG_0868-1320x990.jpg 1320w\" sizes=\"(max-width: 1024px) 100vw, 1024px\" \/><figcaption class=\"wp-element-caption\"><em>Worker-owners at El Chisme, a food truck that converted to a worker cooperative, with staff from Worker Justice Wisconsin, who incubated the cooperative, at their launch party in October 2023. <\/em><\/figcaption><\/figure>\n\n\n\n<p>Hay muchas razones para formar una cooperativa de trabajo, o convertir una empresa existente en una cooperativa de trabajo. Los trabajadores-due\u00f1os suelen ser pagados m\u00e1s que los empleados tradicionales en el mismo sector, quedarse en sus trabajos por m\u00e1s tiempo, y tener mejores condiciones laborales. Hay otros beneficios que son menos tangibles, tambi\u00e9n, tales como el empoderamiento que viene de la participaci\u00f3n en un sitio de trabajo democr\u00e1tico.<\/p>\n\n\n\n<p>MCDC est\u00e1 presente para ayudarles a hacer que esto pase con una variedad de recursos:<\/p>\n\n\n\n<ul class=\"wp-block-list\">\n<li>Technical assistance and development support from our staff, including support on applications for co-op funding sources. <\/li>\n\n\n\n<li>Educaci\u00f3n sobre el modelo de las cooperativas de trabajo\n<ul class=\"wp-block-list\">\n<li>Free Co-ops 101, Co-ops 201, and Co-op Financing sessions through the <a href=\"https:\/\/www.madisonpubliclibrary.org\/resources\/guides\/business\/coop\">Madison Public Library<\/a>. <\/li>\n\n\n\n<li>&#8220;Co-ops 101&#8221; on our <a href=\"http:\/\/www.mcdcmadison.org\/es\/our-video-library\/\">video library page<\/a>.<\/li>\n\n\n\n<li>Other educational resources, including: \n<ul class=\"wp-block-list\">\n<li>Una perspectiva general del modelo cooperativo y el proceso de montar cooperativas del UW Centro para Cooperativas: <a href=\"https:\/\/uwcc.wisc.edu\/\">University of Wisconsin Center for Cooperatives<\/a>: <a href=\"https:\/\/resources.uwcc.wisc.edu\/AboutCo-ops\/Cooperatives_in_Wisconsin_FINAL_small.pdf\">Cooperatives in Wisconsin: The Power of Cooperative Action (en ingl\u00e9s)<\/a> <\/li>\n\n\n\n<li><a href=\"https:\/\/uwcc.wisc.edu\/start-a-co-op\/\">Informaci\u00f3n para cooperativas nuevas<\/a><\/li>\n\n\n\n<li><a href=\"https:\/\/uwcc.wisc.edu\/resources\/worker-cooperatives\/\">Informaci\u00f3n para cooperativas de trabajo<\/a><\/li>\n<\/ul>\n<\/li>\n<\/ul>\n<\/li>\n\n\n\n<li>Our list of <a href=\"http:\/\/www.mcdcmadison.org\/wp-content\/uploads\/2024\/11\/Preferred-Providers_October_2024.pdf\" data-type=\"link\" data-id=\"mcdcmadison.org\/wp-content\/uploads\/2019\/05\/MCDC-Preferred-Providers.pdf\">proveedores preferidos<\/a>, who are professionals that have experience working\u00a0with worker cooperatives<\/li>\n\n\n\n<li>Connections to local organizations for training, benefits, and resources, such as the <a href=\"https:\/\/www.madisonpubliclibrary.org\/resources\/guides\/business\/coop\" data-type=\"link\" data-id=\"https:\/\/www.madisonpubliclibrary.org\/resources\/guides\/business\/coop\">Madison Public Library<\/a> (which can assist you in research and planning for your cooperative).<\/li>\n\n\n\n<li>Capital inicial y financiamiento mediante nuestros socios de financiamiento <a href=\"https:\/\/sharedcapital.coop\/\">Shared Capital Cooperative<\/a> y <a href=\"https:\/\/www.kiva.org\/team\/madison\">Kiva Madison<\/a>. Kiva Madison has a useful <a href=\"http:\/\/www.mcdcmadison.org\/wp-content\/uploads\/2024\/03\/FINAL-Kiva-Guide-2.23.24.pdf\">guide<\/a> to borrowing through their platform. <\/li>\n<\/ul>\n\n\n\n<p>We can also connect you to: <\/p>\n\n\n\n<ul class=\"wp-block-list\">\n<li>Madison&#8217;s network of worker co-ops, <a href=\"http:\/\/madworc.org\">MadWorC<\/a>, which can provide support and ongoing connections to other worker cooperatives<\/li>\n\n\n\n<li>Business planning, legal support, and other technical assistance from the <a href=\"http:\/\/uwcc.wisc.edu\">UW Center for Cooperatives<\/a><\/li>\n\n\n\n<li><a href=\"https:\/\/ruralwi.com\/resources\/wisconsin-cooperative-development-grant-2\/\" data-type=\"link\" data-id=\"https:\/\/ruralwi.com\/resources\/wisconsin-cooperative-development-grant-2\/\">Cooperative Development Grants<\/a> through the Wisconsin Economic Development Corporation (WEDC), which can cover costs of consultants for things like business planning, feasibility studies, marketing, and more. <\/li>\n<\/ul>\n\n\n\n<p>Si esto les parece, por favor, cu\u00e9ntennos sobre ustedes y su idea en nuestro <a href=\"http:\/\/www.mcdcmadison.org\/es\/intake-form\/\">formulario<\/a>.<\/p>","protected":false},"excerpt":{"rendered":"<p>There are many reasons to start a worker cooperative, or convert an existing business to a worker co-op. Worker-owners tend to be paid more than traditional employees in their same field, stay in their jobs longer, and have better working conditions. There are other benefits that are less tangible, as well, such as the empowerment&hellip;&nbsp;<a href=\"https:\/\/www.mcdcmadison.org\/es\/start-a-coop\/\" class=\"\" rel=\"bookmark\">Leer m\u00e1s &raquo;<span class=\"screen-reader-text\">\u00bfListos para formar una cooperativa?<\/span><\/a><\/p>","protected":false},"author":3,"featured_media":0,"parent":0,"menu_order":0,"comment_status":"closed","ping_status":"closed","template":"","meta":{"neve_meta_sidebar":"","neve_meta_container":"","neve_meta_enable_content_width":"off","neve_meta_content_width":0,"neve_meta_title_alignment":"","neve_meta_author_avatar":"","neve_post_elements_order":"","neve_meta_disable_header":"","neve_meta_disable_footer":"","neve_meta_disable_title":"","jetpack_post_was_ever_published":false,"footnotes":""},"class_list":["post-124","page","type-page","status-publish","hentry"],"jetpack_shortlink":"https:\/\/wp.me\/PaWzR5-20","jetpack_sharing_enabled":true,"_links":{"self":[{"href":"https:\/\/www.mcdcmadison.org\/es\/wp-json\/wp\/v2\/pages\/124","targetHints":{"allow":["GET"]}}],"collection":[{"href":"https:\/\/www.mcdcmadison.org\/es\/wp-json\/wp\/v2\/pages"}],"about":[{"href":"https:\/\/www.mcdcmadison.org\/es\/wp-json\/wp\/v2\/types\/page"}],"author":[{"embeddable":true,"href":"https:\/\/www.mcdcmadison.org\/es\/wp-json\/wp\/v2\/users\/3"}],"replies":[{"embeddable":true,"href":"https:\/\/www.mcdcmadison.org\/es\/wp-json\/wp\/v2\/comments?post=124"}],"version-history":[{"count":0,"href":"https:\/\/www.mcdcmadison.org\/es\/wp-json\/wp\/v2\/pages\/124\/revisions"}],"wp:attachment":[{"href":"https:\/\/www.mcdcmadison.org\/es\/wp-json\/wp\/v2\/media?parent=124"}],"curies":[{"name":"wp","href":"https:\/\/api.w.org\/{rel}","templated":true}]}}