{"id":122,"date":"2018-01-10T18:56:59","date_gmt":"2018-01-10T18:56:59","guid":{"rendered":"http:\/\/jlwebworx.com\/mcdc\/?page_id=122"},"modified":"2024-09-05T15:04:17","modified_gmt":"2024-09-05T20:04:17","slug":"be-a-partner","status":"publish","type":"page","link":"https:\/\/www.mcdcmadison.org\/es\/be-a-partner\/","title":{"rendered":"Apoye a la gente apoyando a las cooperativas"},"content":{"rendered":"<figure class=\"wp-block-image size-large\"><img decoding=\"async\" width=\"1024\" height=\"680\" src=\"http:\/\/www.mcdcmadison.org\/wp-content\/uploads\/2018\/10\/2018-04-25-19.33.46-1024x680.jpg\" alt=\"\" class=\"wp-image-346\" srcset=\"https:\/\/www.mcdcmadison.org\/wp-content\/uploads\/2018\/10\/2018-04-25-19.33.46-1024x680.jpg 1024w, https:\/\/www.mcdcmadison.org\/wp-content\/uploads\/2018\/10\/2018-04-25-19.33.46-300x199.jpg 300w, https:\/\/www.mcdcmadison.org\/wp-content\/uploads\/2018\/10\/2018-04-25-19.33.46-768x510.jpg 768w\" sizes=\"(max-width: 1024px) 100vw, 1024px\" \/><figcaption class=\"wp-element-caption\"><em>Personal de Centro Hispano haciendo una presentaci\u00f3n sobre su papel en la incubaci\u00f3n de Ra\u00edces para el Cambio.<\/em>.<\/figcaption><\/figure>\n\n\n\n<p>Si su organizaci\u00f3n trabaja para enfrentar las disparidades raciales y econ\u00f3micos en Madison, queremos para hablar con ustedes sobre desarrollar cooperativas de trabajo. Las empresas que pertenecen a, y son manejadas por, los trabajadores son una manera poderosa para abordar la pobreza, por varias razones.<\/p>\n\n\n\n<p>La cooperativas de trabajo pagan salarios superiores a la media en cualquier sector, porque los trabajadores deciden sus propio pago de manera democr\u00e1tica. Los empleos en las cooperativas de trabajo son estables. Los due\u00f1os no van a marcharse de la comunidad en busca de una mano de obra m\u00e1s barata, porque los propietarios <em>son<\/em> la fuerza de trabajo. Adem\u00e1s, las cooperativas de trabajadores son transparentes y no cometen robos de salarios ni enga\u00f1an o abusan de los trabajadores. Las cooperativas de trabajadores pueden tener pol\u00edticas de horarios flexibles pero normas estrictas de salud y seguridad. Y por \u00faltimo, las cooperativas de trabajo se comportan de manera responsable con la comunidad, porque se basan en la comunidad.<\/p>\n\n\n\n<p>Las cooperativas se pueden crear de la nada, o una empresa existente puede convertirse en una cooperativa mediante una adquisici\u00f3n. Por favor <a href=\"mailto:charity.schmidt@wisc.edu\">cont\u00e1ctenos<\/a> para hablar sobre cualquier parte de esto en mayor detalle. Luego considere integrar la formaci\u00f3n y desarrollo de cooperativas en su programaci\u00f3n actual. No hay falta experiencia previa. Podemos ayudar en cualquier o todas de las siguientes maneras\u2026 <\/p>\n\n\n\n<ul class=\"wp-block-list\">\n<li> Podemos formar a su personal para ayudar a las cooperativas nuevas.<\/li>\n\n\n\n<li>Podemos ayudarles a hacer organizaci\u00f3n comunitaria y divulgaci\u00f3n para identificar cooperativas nuevas potenciales o convertir empresas existentes en cooperativas.<\/li>\n\n\n\n<li>Proveeremos talleres especificamente para su comunidad, o apoyo para talleres que ya hacen. <\/li>\n\n\n\n<li> You can <a href=\"http:\/\/www.mcdcmadison.org\/es\/news\/\">subscr\u00edbase a nuestro bolet\u00edn<\/a> to get updates about our educational events, which you can attend or suggest to potential worker-owners in your community. <\/li>\n<\/ul>\n\n\n\n<p>You can learn more about the nonprofits that have received funding from MCDC on our <a href=\"https:\/\/www.mcdcmadison.org\/es\/allies\/\" data-type=\"page\" data-id=\"913\">Aliados<\/a> page. <\/p>\n\n\n\n<p>Y si no est\u00e1 seguro\/a cuales tipos de empresas podr\u00edan operar como una cooperativa, revise <a href=\"http:\/\/www.mcdcmadison.org\/es\/co-ops\/\">las cooperativas que ya se lanzaron<\/a> y nuestra <a href=\"http:\/\/www.mcdcmadison.org\/es\/co-op-ideas\/\">p\u00e1gina de ideas<\/a>Para ver todav\u00eda m\u00e1s posibilidades, vea <a href=\"http:\/\/becomingemployeeowned.org\">becomingemployeeowned.org<\/a>.<\/p>","protected":false},"excerpt":{"rendered":"<p>If your non-profit is working to address racial and economic disparities in Madison, we want to talk with you about developing worker cooperatives. Businesses that are worker-owned and operated are a powerful tool to address poverty and serve the needs of your constituency, for a number of reasons. Worker co-ops pay above-median salaries in any&hellip;&nbsp;<a href=\"https:\/\/www.mcdcmadison.org\/es\/be-a-partner\/\" class=\"\" rel=\"bookmark\">Leer m\u00e1s &raquo;<span class=\"screen-reader-text\">Apoye a la gente apoyando a las cooperativas<\/span><\/a><\/p>","protected":false},"author":3,"featured_media":0,"parent":0,"menu_order":0,"comment_status":"closed","ping_status":"closed","template":"","meta":{"neve_meta_sidebar":"","neve_meta_container":"","neve_meta_enable_content_width":"off","neve_meta_content_width":0,"neve_meta_title_alignment":"","neve_meta_author_avatar":"","neve_post_elements_order":"","neve_meta_disable_header":"","neve_meta_disable_footer":"","neve_meta_disable_title":"","jetpack_post_was_ever_published":false,"footnotes":""},"class_list":["post-122","page","type-page","status-publish","hentry"],"jetpack_shortlink":"https:\/\/wp.me\/PaWzR5-1Y","jetpack_sharing_enabled":true,"_links":{"self":[{"href":"https:\/\/www.mcdcmadison.org\/es\/wp-json\/wp\/v2\/pages\/122","targetHints":{"allow":["GET"]}}],"collection":[{"href":"https:\/\/www.mcdcmadison.org\/es\/wp-json\/wp\/v2\/pages"}],"about":[{"href":"https:\/\/www.mcdcmadison.org\/es\/wp-json\/wp\/v2\/types\/page"}],"author":[{"embeddable":true,"href":"https:\/\/www.mcdcmadison.org\/es\/wp-json\/wp\/v2\/users\/3"}],"replies":[{"embeddable":true,"href":"https:\/\/www.mcdcmadison.org\/es\/wp-json\/wp\/v2\/comments?post=122"}],"version-history":[{"count":0,"href":"https:\/\/www.mcdcmadison.org\/es\/wp-json\/wp\/v2\/pages\/122\/revisions"}],"wp:attachment":[{"href":"https:\/\/www.mcdcmadison.org\/es\/wp-json\/wp\/v2\/media?parent=122"}],"curies":[{"name":"wp","href":"https:\/\/api.w.org\/{rel}","templated":true}]}}